{"id":1182,"date":"2024-10-21T16:06:36","date_gmt":"2024-10-21T21:06:36","guid":{"rendered":"http:\/\/estrategia.ufac.br\/?page_id=1182"},"modified":"2026-04-10T07:44:56","modified_gmt":"2026-04-10T12:44:56","slug":"ufac-mundi","status":"publish","type":"page","link":"https:\/\/estrategia.ufac.br\/?page_id=1182","title":{"rendered":"Ufac &#8211; Mundi"},"content":{"rendered":"\n<p>O objetivo deste projeto \u00e9 p<span class=\"OYPEnA font-feature-liga-off font-feature-clig-off font-feature-calt-off text-decoration-none text-strikethrough-none\">romover a consolida\u00e7\u00e3o da internacionaliza\u00e7\u00e3o da pesquisa e da p\u00f3s-gradua\u00e7\u00e3o da Ufac.<\/span><\/p>\n\n\n\n<h2 class=\"wp-block-heading\"><span class=\"OYPEnA font-feature-liga-off font-feature-clig-off font-feature-calt-off text-decoration-none text-strikethrough-none\">Unidade Respons\u00e1vel<\/span><\/h2>\n\n\n\n<p>Pr\u00f3-Reitoria de Pesquisa e P\u00f3s-Gradua\u00e7\u00e3o<\/p>\n\n\n\n<h2 class=\"wp-block-heading\">L\u00edder do Projeto<\/h2>\n\n\n\n<p>Margarida Lima Carvalho<\/p>\n\n\n\n<h2 class=\"wp-block-heading\"><span class=\"OYPEnA font-feature-liga-off font-feature-clig-off font-feature-calt-off text-decoration-none text-strikethrough-none\">Tempo Estimado<\/span><\/h2>\n\n\n\n<p><span class=\"OYPEnA font-feature-liga-off font-feature-clig-off font-feature-calt-off text-decoration-none text-strikethrough-none\">27 meses<\/span><\/p>\n\n\n\n<h2 class=\"wp-block-heading\"><span class=\"OYPEnA font-feature-liga-off font-feature-clig-off font-feature-calt-off text-decoration-none text-strikethrough-none\">Custo Estimado<\/span><\/h2>\n\n\n\n<p><span class=\"OYPEnA font-feature-liga-off font-feature-clig-off font-feature-calt-off text-decoration-none text-strikethrough-none\">R$ 30.000,00<\/span><\/p>\n\n\n\n<h2 class=\"wp-block-heading\"><span class=\"OYPEnA font-feature-liga-off font-feature-clig-off font-feature-calt-off text-decoration-none text-strikethrough-none\">A\u00e7\u00f5es Previstas no Projeto<\/span><\/h2>\n\n\n\n<p class=\"cvGsUA direction-ltr align-justify para-style-body\"><strong><span class=\"OYPEnA font-feature-liga-off font-feature-clig-off font-feature-calt-off text-decoration-none text-strikethrough-none\">Antecedentes e Diagn\u00f3stico:<\/span><\/strong><\/p>\n\n\n\n<ul class=\"wp-block-list\">\n<li><span class=\"OYPEnA font-feature-liga-off font-feature-clig-off font-feature-calt-off text-decoration-none text-strikethrough-none\">Cria\u00e7\u00e3o de um grupo de trabalho para a realiza\u00e7\u00e3o de diagn\u00f3stico de infraestrutura<\/span><\/li>\n\n\n\n<li><span class=\"OYPEnA font-feature-liga-off font-feature-clig-off font-feature-calt-off text-decoration-none text-strikethrough-none\">Realiza\u00e7\u00e3o de diagn\u00f3stico de infraestrutura f\u00edsica<\/span><\/li>\n\n\n\n<li><span class=\"OYPEnA font-feature-liga-off font-feature-clig-off font-feature-calt-off text-decoration-none text-strikethrough-none\">Realiza\u00e7\u00e3o de diagn\u00f3stico de capacidade t\u00e9cnica e laboral<\/span><\/li>\n\n\n\n<li><span class=\"OYPEnA font-feature-liga-off font-feature-clig-off font-feature-calt-off text-decoration-none text-strikethrough-none\">Realiza\u00e7\u00e3o de diagn\u00f3stico de coopera\u00e7\u00e3o internacional, formais e informais e potenciais parceiros<\/span><\/li>\n<\/ul>\n\n\n\n<p class=\"cvGsUA direction-ltr align-justify para-style-body\"><strong><span class=\"OYPEnA font-feature-liga-off font-feature-clig-off font-feature-calt-off text-decoration-none text-strikethrough-none\">Estabelecimento de Diretrizes:<\/span><\/strong><\/p>\n\n\n\n<ul class=\"wp-block-list\">\n<li><span class=\"OYPEnA font-feature-liga-off font-feature-clig-off font-feature-calt-off text-decoration-none text-strikethrough-none\">Defini\u00e7\u00e3o das diretrizes para internacionaliza\u00e7\u00e3o da pesquisa e da p\u00f3s-gradua\u00e7\u00e3o<\/span><\/li>\n\n\n\n<li><span class=\"OYPEnA font-feature-liga-off font-feature-clig-off font-feature-calt-off text-decoration-none text-strikethrough-none\">Realiza\u00e7\u00e3o do I Workshop de Internacionaliza\u00e7\u00e3o da UFAC<\/span><\/li>\n<\/ul>\n\n\n\n<p class=\"cvGsUA direction-ltr align-justify para-style-body\"><strong><span class=\"OYPEnA font-feature-liga-off font-feature-clig-off font-feature-calt-off text-decoration-none text-strikethrough-none\">Defini\u00e7\u00e3o de Pol\u00edticas de Internacionaliza\u00e7\u00e3o:<\/span><\/strong><\/p>\n\n\n\n<ul class=\"wp-block-list\">\n<li><span class=\"OYPEnA font-feature-liga-off font-feature-clig-off font-feature-calt-off text-decoration-none text-strikethrough-none\">Elabora\u00e7\u00e3o e aprova\u00e7\u00e3o da Pol\u00edtica de Internacionaliza\u00e7\u00e3o da Pesquisa e da P\u00f3s-Gradua\u00e7\u00e3o da UFAC<\/span><\/li>\n\n\n\n<li><span class=\"OYPEnA font-feature-liga-off font-feature-clig-off font-feature-calt-off text-decoration-none text-strikethrough-none\">Estrutura\u00e7\u00e3o de um programa de capacita\u00e7\u00e3o lingu\u00edstica<\/span><\/li>\n\n\n\n<li><span class=\"OYPEnA font-feature-liga-off font-feature-clig-off font-feature-calt-off text-decoration-none text-strikethrough-none\">Estrutura\u00e7\u00e3o de um programa estrat\u00e9gico de comunica\u00e7\u00e3o e marketing internacional<\/span><\/li>\n\n\n\n<li><span class=\"OYPEnA font-feature-liga-off font-feature-clig-off font-feature-calt-off text-decoration-none text-strikethrough-none\">Estrutura\u00e7\u00e3o de um programa de mobilidade internacional de pesquisadores por meio de projetos de pesquisa e inova\u00e7\u00e3o<\/span><\/li>\n\n\n\n<li><span class=\"OYPEnA font-feature-liga-off font-feature-clig-off font-feature-calt-off text-decoration-none text-strikethrough-none\">Elabora\u00e7\u00e3o, aprova\u00e7\u00e3o e divulga\u00e7\u00e3o de um programa de coopera\u00e7\u00e3o internacional de doc\u00eancia e pesquisa no \u00e2mbito dos programas de p\u00f3s-gradua\u00e7\u00e3o<\/span><\/li>\n\n\n\n<li><span class=\"OYPEnA font-feature-liga-off font-feature-clig-off font-feature-calt-off text-decoration-none text-strikethrough-none\">Elabora\u00e7\u00e3o e aprova\u00e7\u00e3o de um programa de mobilidade acad\u00eamica internacional em n\u00edvel de p\u00f3s-gradua\u00e7\u00e3o<\/span><\/li>\n<\/ul>\n\n\n\n<p class=\"cvGsUA direction-ltr align-justify para-style-body\"><strong><span class=\"OYPEnA font-feature-liga-off font-feature-clig-off font-feature-calt-off text-decoration-none text-strikethrough-none\">Elabora\u00e7\u00e3o do Plano de Internacionaliza\u00e7\u00e3o:<\/span><\/strong><\/p>\n\n\n\n<ul class=\"wp-block-list\">\n<li><span class=\"OYPEnA font-feature-liga-off font-feature-clig-off font-feature-calt-off text-decoration-none text-strikethrough-none\">&nbsp;<\/span><span class=\"OYPEnA font-feature-liga-off font-feature-clig-off font-feature-calt-off text-decoration-none text-strikethrough-none\">Elabora\u00e7\u00e3o e aprova\u00e7\u00e3o do Plano de Internacionaliza\u00e7\u00e3o da pesquisa e da p\u00f3s-gradua\u00e7\u00e3o<\/span><\/li>\n<\/ul>\n\n\n\n<p class=\"cvGsUA direction-ltr align-justify para-style-body\"><strong><span class=\"OYPEnA font-feature-liga-off font-feature-clig-off font-feature-calt-off text-decoration-none text-strikethrough-none\">Proposta de reformula\u00e7\u00e3o da estrutura administrativa da Propeg:<\/span><\/strong><\/p>\n\n\n\n<ul class=\"wp-block-list\">\n<li><span class=\"OYPEnA font-feature-liga-off font-feature-clig-off font-feature-calt-off text-decoration-none text-strikethrough-none\">Elabora\u00e7\u00e3o da proposta de cria\u00e7\u00e3o do Grupo de Trabalho de Internacionaliza\u00e7\u00e3o da Propeg<\/span><\/li>\n<\/ul>\n\n\n\n<p class=\"cvGsUA direction-ltr align-justify para-style-body\"><strong><span class=\"OYPEnA font-feature-liga-off font-feature-clig-off font-feature-calt-off text-decoration-none text-strikethrough-none\">Implanta\u00e7\u00e3o da Infraestrutura de Acolhimento a Estrangeiros:<\/span><\/strong><\/p>\n\n\n\n<ul class=\"wp-block-list\">\n<li><span class=\"OYPEnA font-feature-liga-off font-feature-clig-off font-feature-calt-off text-decoration-none text-strikethrough-none\">Elabora\u00e7\u00e3o da proposta de infraestrutura de acolhimento a alunos e profissionais estrangeiros<\/span><\/li>\n\n\n\n<li><span class=\"OYPEnA font-feature-liga-off font-feature-clig-off font-feature-calt-off text-decoration-none text-strikethrough-none\">Implanta\u00e7\u00e3o da infraestrutura de acolhimento a alunos e profissionais estrangeiros<\/span><\/li>\n\n\n\n<li><span class=\"OYPEnA font-feature-liga-off font-feature-clig-off font-feature-calt-off text-decoration-none text-strikethrough-none\">Cria\u00e7\u00e3o e estrutura\u00e7\u00e3o da rede de apoio a estrangeiros em mobilidade para a UFAC<\/span><\/li>\n<\/ul>\n\n\n\n<h2 class=\"wp-block-heading\">Evolu\u00e7\u00e3o do Projeto<\/h2>\n\n\n\n<figure class=\"wp-block-table is-style-regular\"><table class=\"has-fixed-layout\"><thead><tr><th><strong>Principais Realiza\u00e7\u00f5es<\/strong><\/th><th class=\"has-text-align-center\" data-align=\"center\"><strong>Pr\u00f3ximos Passos<\/strong><\/th><\/tr><\/thead><tbody><tr><td>Principais a\u00e7\u00f5es realizadas na fase 1 &#8211; Antecedentes e Diagn\u00f3stico, fase 2 &#8211; Estabelecimento de Diretrizes para Internacionaliza\u00e7\u00e3o da Ufac e fase 5 &#8211; Elabora\u00e7\u00e3o da Proposta de Reformula\u00e7\u00e3o da Estrutura Administrativa da Propeg<\/td><td class=\"has-text-align-center\" data-align=\"center\">Finaliza\u00e7\u00e3o da fase 1 e fase 2.<br><br>In\u00edcio das a\u00e7\u00f5es da fase 3 &#8211; Defini\u00e7\u00e3o de Pol\u00edticas de Internacionaliza\u00e7\u00e3o e fase 4 &#8211; Elabora\u00e7\u00e3o do Plano de Internacionaliza\u00e7\u00e3o da Pesquisa e da P\u00f3s-gradua\u00e7\u00e3o da UFAC<\/td><\/tr><\/tbody><\/table><\/figure>\n\n\n\n<p class=\"has-scale-down-01-font-size\"><\/p>\n\n\n\n<p class=\"has-scale-down-01-font-size\"><\/p>\n\n\n\n<figure class=\"wp-block-table is-style-regular\"><table class=\"has-fixed-layout\"><thead><tr><th class=\"has-text-align-center\" data-align=\"center\"><strong>Evolu\u00e7\u00e3o Or\u00e7ament\u00e1ria<\/strong><\/th><\/tr><\/thead><tbody><tr><td class=\"has-text-align-center\" data-align=\"center\">Investido em 2026: R$ 0,00<\/td><\/tr><\/tbody><\/table><\/figure>\n\n\n\n<p class=\"has-scale-down-01-font-size\"><\/p>\n\n\n\n<div class=\"wp-block-group is-vertical is-layout-flex wp-container-core-group-is-layout-4 wp-block-group-is-layout-flex\">\n<div class=\"wp-block-group is-nowrap is-layout-flex wp-container-core-group-is-layout-3 wp-block-group-is-layout-flex\">\n<div class=\"wp-block-group is-vertical is-layout-flex wp-container-core-group-is-layout-2 wp-block-group-is-layout-flex\">\n<div class=\"wp-block-group is-nowrap is-layout-flex wp-container-core-group-is-layout-1 wp-block-group-is-layout-flex\">\n<figure class=\"wp-block-image size-full is-resized\"><a href=\"https:\/\/estrategia.ufac.br\/wp-content\/uploads\/2026\/04\/29percent.png\"><img fetchpriority=\"high\" decoding=\"async\" width=\"393\" height=\"197\" src=\"https:\/\/estrategia.ufac.br\/wp-content\/uploads\/2026\/04\/29percent.png\" alt=\"\" class=\"wp-image-2328\" style=\"width:216px;height:auto\" srcset=\"https:\/\/estrategia.ufac.br\/wp-content\/uploads\/2026\/04\/29percent.png 393w, https:\/\/estrategia.ufac.br\/wp-content\/uploads\/2026\/04\/29percent-300x150.png 300w\" sizes=\"(max-width: 393px) 100vw, 393px\" \/><\/a><figcaption class=\"wp-element-caption\">Evolu\u00e7\u00e3o do Projeto<\/figcaption><\/figure>\n\n\n\n<p class=\"has-scale-down-01-font-size\"><\/p>\n<\/div>\n<\/div>\n<\/div>\n<\/div>\n\n\n\n<p><strong>\u00daltima Atualiza\u00e7\u00e3o:<\/strong> 31\/03\/2026<\/p>\n","protected":false},"excerpt":{"rendered":"<p>O objetivo deste projeto \u00e9 promover a consolida\u00e7\u00e3o da internacionaliza\u00e7\u00e3o da pesquisa e da p\u00f3s-gradua\u00e7\u00e3o da Ufac. Unidade Respons\u00e1vel Pr\u00f3-Reitoria de Pesquisa e P\u00f3s-Gradua\u00e7\u00e3o L\u00edder do Projeto Margarida Lima Carvalho Tempo Estimado 27 meses Custo Estimado R$ 30.000,00 A\u00e7\u00f5es Previstas no Projeto Antecedentes e Diagn\u00f3stico: Estabelecimento de Diretrizes: Defini\u00e7\u00e3o de Pol\u00edticas de Internacionaliza\u00e7\u00e3o: Elabora\u00e7\u00e3o do&hellip; <a class=\"more-link\" href=\"https:\/\/estrategia.ufac.br\/?page_id=1182\">Continue lendo <span class=\"screen-reader-text\">Ufac &#8211; Mundi<\/span><\/a><\/p>\n","protected":false},"author":1,"featured_media":0,"parent":960,"menu_order":0,"comment_status":"closed","ping_status":"closed","template":"","meta":{"footnotes":""},"class_list":["post-1182","page","type-page","status-publish","hentry","entry"],"_links":{"self":[{"href":"https:\/\/estrategia.ufac.br\/index.php?rest_route=\/wp\/v2\/pages\/1182"}],"collection":[{"href":"https:\/\/estrategia.ufac.br\/index.php?rest_route=\/wp\/v2\/pages"}],"about":[{"href":"https:\/\/estrategia.ufac.br\/index.php?rest_route=\/wp\/v2\/types\/page"}],"author":[{"embeddable":true,"href":"https:\/\/estrategia.ufac.br\/index.php?rest_route=\/wp\/v2\/users\/1"}],"replies":[{"embeddable":true,"href":"https:\/\/estrategia.ufac.br\/index.php?rest_route=%2Fwp%2Fv2%2Fcomments&post=1182"}],"version-history":[{"count":8,"href":"https:\/\/estrategia.ufac.br\/index.php?rest_route=\/wp\/v2\/pages\/1182\/revisions"}],"predecessor-version":[{"id":2375,"href":"https:\/\/estrategia.ufac.br\/index.php?rest_route=\/wp\/v2\/pages\/1182\/revisions\/2375"}],"up":[{"embeddable":true,"href":"https:\/\/estrategia.ufac.br\/index.php?rest_route=\/wp\/v2\/pages\/960"}],"wp:attachment":[{"href":"https:\/\/estrategia.ufac.br\/index.php?rest_route=%2Fwp%2Fv2%2Fmedia&parent=1182"}],"curies":[{"name":"wp","href":"https:\/\/api.w.org\/{rel}","templated":true}]}}