{"id":1146,"date":"2024-10-21T16:02:58","date_gmt":"2024-10-21T21:02:58","guid":{"rendered":"http:\/\/estrategia.ufac.br\/?page_id=1146"},"modified":"2026-04-10T07:42:09","modified_gmt":"2026-04-10T12:42:09","slug":"modernizacao-do-parque-laboratorial-de-pesquisa","status":"publish","type":"page","link":"https:\/\/estrategia.ufac.br\/?page_id=1146","title":{"rendered":"Moderniza\u00e7\u00e3o do Parque Laboratorial de Pesquisa"},"content":{"rendered":"\n<p><span class=\"OYPEnA font-feature-liga-off font-feature-clig-off font-feature-calt-off text-decoration-none text-strikethrough-none\">para a realiza\u00e7\u00e3o de projetos de pesquisa e inova\u00e7\u00e3o.<\/span><\/p>\n\n\n\n<h2 class=\"wp-block-heading\"><span class=\"OYPEnA font-feature-liga-off font-feature-clig-off font-feature-calt-off text-decoration-none text-strikethrough-none\">Unidade Respons\u00e1vel<\/span><\/h2>\n\n\n\n<p>Pr\u00f3-Reitoria de Pesquisa e P\u00f3s-Gradua\u00e7\u00e3o<\/p>\n\n\n\n<h2 class=\"wp-block-heading\">L\u00edder do Projeto<\/h2>\n\n\n\n<p>Rafael Augusto Satrapa<\/p>\n\n\n\n<h2 class=\"wp-block-heading\"><span class=\"OYPEnA font-feature-liga-off font-feature-clig-off font-feature-calt-off text-decoration-none text-strikethrough-none\">Tempo Estimado<\/span><\/h2>\n\n\n\n<p><span class=\"OYPEnA font-feature-liga-off font-feature-clig-off font-feature-calt-off text-decoration-none text-strikethrough-none\">48 meses<\/span><\/p>\n\n\n\n<h2 class=\"wp-block-heading\"><span class=\"OYPEnA font-feature-liga-off font-feature-clig-off font-feature-calt-off text-decoration-none text-strikethrough-none\">Custo Estimado<\/span><\/h2>\n\n\n\n<p><span class=\"OYPEnA font-feature-liga-off font-feature-clig-off font-feature-calt-off text-decoration-none text-strikethrough-none\">R$ 14.100.000,00<\/span><\/p>\n\n\n\n<h2 class=\"wp-block-heading\"><span class=\"OYPEnA font-feature-liga-off font-feature-clig-off font-feature-calt-off text-decoration-none text-strikethrough-none\">A\u00e7\u00f5es Previstas no Projeto<\/span><\/h2>\n\n\n\n<p><strong><span class=\"OYPEnA font-feature-liga-off font-feature-clig-off font-feature-calt-off text-decoration-none text-strikethrough-none\">Diagn\u00f3sticos:<\/span><\/strong><\/p>\n\n\n\n<ul class=\"wp-block-list\">\n<li>Realiza\u00e7\u00e3o de diagn\u00f3stico de infraestrutura f\u00edsica de laborat\u00f3rios e equipamentos<\/li>\n\n\n\n<li>Realiza\u00e7\u00e3o de monitoramento de poss\u00edveis fontes de financiamento<\/li>\n\n\n\n<li>Realiza\u00e7\u00e3o de diagn\u00f3stico de projetos de pesquisa<\/li>\n\n\n\n<li>Realiza\u00e7\u00e3o de diagn\u00f3stico estrutural e de dados da Plataforma Prolab<\/li>\n<\/ul>\n\n\n\n<p class=\"has-text-align-left\"><strong><span class=\"OYPEnA font-feature-liga-off font-feature-clig-off font-feature-calt-off text-decoration-none text-strikethrough-none\">Normatiza\u00e7\u00e3o e sistemas:<\/span><\/strong><\/p>\n\n\n\n<ul class=\"wp-block-list\">\n<li>Defini\u00e7\u00e3o de linhas de pesquisa priorit\u00e1rias da UFAC<\/li>\n\n\n\n<li>Elabora\u00e7\u00e3o de normas de acesso e funcionamento de laborat\u00f3rios de pesquisa<\/li>\n\n\n\n<li>Reestrutura\u00e7\u00e3o e atualiza\u00e7\u00e3o da Plataforma Prolab<\/li>\n\n\n\n<li>Reestrutura\u00e7\u00e3o da Plataforma de Projetos<\/li>\n<\/ul>\n\n\n\n<p><strong><span class=\"OYPEnA font-feature-liga-off font-feature-clig-off font-feature-calt-off text-decoration-none text-strikethrough-none\">Identifica\u00e7\u00e3o das demandas:<\/span><\/strong><\/p>\n\n\n\n<ul class=\"wp-block-list\">\n<li>Indica\u00e7\u00e3o de demandas de conserto, manuten\u00e7\u00e3o ou aquisi\u00e7\u00e3o de equipamentos<\/li>\n\n\n\n<li>Indica\u00e7\u00e3o de demandas de pessoal t\u00e9cnico e de apoio<\/li>\n\n\n\n<li><span class=\"OYPEnA font-feature-liga-off font-feature-clig-off font-feature-calt-off text-decoration-none text-strikethrough-none\">Indica\u00e7\u00e3o de demandas de pessoal t\u00e9cnico e de apoio<\/span><\/li>\n\n\n\n<li><span class=\"OYPEnA font-feature-liga-off font-feature-clig-off font-feature-calt-off text-decoration-none text-strikethrough-none\">Indica\u00e7\u00e3o de demandas de insumos de laborat\u00f3rio e outros itens de custeio<\/span><\/li>\n<\/ul>\n\n\n\n<p class=\"cvGsUA direction-ltr align-justify para-style-body\"><strong><span class=\"OYPEnA font-feature-liga-off font-feature-clig-off font-feature-calt-off text-decoration-none text-strikethrough-none\">Aquisi\u00e7\u00e3o e instala\u00e7\u00e3o de equipamentos:<\/span><\/strong><\/p>\n\n\n\n<ul class=\"wp-block-list\">\n<li><span class=\"OYPEnA font-feature-liga-off font-feature-clig-off font-feature-calt-off text-decoration-none text-strikethrough-none\">Aquisi\u00e7\u00e3o e instala\u00e7\u00e3o de equipamentos de pesquisa e material permanente<\/span><\/li>\n\n\n\n<li><span class=\"OYPEnA font-feature-liga-off font-feature-clig-off font-feature-calt-off text-decoration-none text-strikethrough-none\">Manuten\u00e7\u00e3o de equipamentos de pesquisa e material permanente<\/span><\/li>\n\n\n\n<li><span class=\"OYPEnA font-feature-liga-off font-feature-clig-off font-feature-calt-off text-decoration-none text-strikethrough-none\">Aquisi\u00e7\u00e3o de insumos para pesquisa e funcionamento de laborat\u00f3rios<\/span><\/li>\n<\/ul>\n\n\n\n<p><strong><span class=\"OYPEnA font-feature-liga-off font-feature-clig-off font-feature-calt-off text-decoration-none text-strikethrough-none\">Constru\u00e7\u00e3o, amplia\u00e7\u00e3o e manuten\u00e7\u00e3o de laborat\u00f3rios:<\/span><\/strong><\/p>\n\n\n\n<ul class=\"wp-block-list\">\n<li>Elabora\u00e7\u00e3o de documento de demanda (DFD) com especifica\u00e7\u00f5es de obras civis<\/li>\n\n\n\n<li>Elabora\u00e7\u00e3o de projetos arquitet\u00f4nicos e complementares<\/li>\n\n\n\n<li>Constru\u00e7\u00e3o e amplia\u00e7\u00e3o de laborat\u00f3rios de pesquisa necess\u00e1rios \u00e0 amplia\u00e7\u00e3o do Parque Laboratorial de Pesquisa da UFAC (previs\u00e3o: 7 laborat\u00f3rios)<\/li>\n\n\n\n<li>Adequa\u00e7\u00e3o e manuten\u00e7\u00e3o de 37 laborat\u00f3rios de pesquisa necess\u00e1rios \u00e0 amplia\u00e7\u00e3o do Parque Laboratorial de Pesquisa da UFAC<\/li>\n<\/ul>\n\n\n\n<p><strong><span class=\"OYPEnA font-feature-liga-off font-feature-clig-off font-feature-calt-off text-decoration-none text-strikethrough-none\">Forma\u00e7\u00e3o de equipe t\u00e9cnica de pesquisa:<\/span> <\/strong><\/p>\n\n\n\n<ul class=\"wp-block-list\">\n<li><span class=\"OYPEnA font-feature-liga-off font-feature-clig-off font-feature-calt-off text-decoration-none text-strikethrough-none\">Contrata\u00e7\u00e3o de t\u00e9cnicos especializados<\/span><\/li>\n\n\n\n<li><span class=\"OYPEnA font-feature-liga-off font-feature-clig-off font-feature-calt-off text-decoration-none text-strikethrough-none\">Capacita\u00e7\u00e3o de t\u00e9cnicos de laborat\u00f3rio de pesquisa e usu\u00e1rios<\/span><\/li>\n<\/ul>\n\n\n\n<h2 class=\"wp-block-heading\">Evolu\u00e7\u00e3o do Projeto<\/h2>\n\n\n\n<figure class=\"wp-block-table is-style-regular\"><table class=\"has-fixed-layout\"><thead><tr><th><strong>Principais Realiza\u00e7\u00f5es<\/strong><\/th><th class=\"has-text-align-center\" data-align=\"center\"><strong>Pr\u00f3ximos Passos<\/strong><\/th><\/tr><\/thead><tbody><tr><td>Fase 1 &#8211; Diagn\u00f3stico 90% conclu\u00edda<\/td><td class=\"has-text-align-center\" data-align=\"center\">Conclus\u00e3o da fase 2 &#8211; Identifica\u00e7\u00e3o das demandas e fase 6 &#8211; Normatiza\u00e7\u00e3o e sistemas<\/td><\/tr><tr><td>Fase 2 &#8211; Identifica\u00e7\u00e3o das demandas 70% conclu\u00edda<\/td><td class=\"has-text-align-center\" data-align=\"center\">Iniciar a\u00e7\u00f5es da fase 3 &#8211; Constru\u00e7\u00e3o, amplia\u00e7\u00e3o e manuten\u00e7\u00e3o de laborat\u00f3rios e fase 5 &#8211; Forma\u00e7\u00e3o de equipe t\u00e9cnica de pesquisa<\/td><\/tr><tr><td>Fase 4 &#8211; Aquisi\u00e7\u00e3o e instala\u00e7\u00e3o de equipamentos 100% conclu\u00edda<\/td><td class=\"has-text-align-center\" data-align=\"center\"><\/td><\/tr><tr><td>Fase 6 &#8211; Normatiza\u00e7\u00e3o e sistemas 73% conclu\u00edda<\/td><td class=\"has-text-align-center\" data-align=\"center\"><\/td><\/tr><\/tbody><\/table><\/figure>\n\n\n\n<p class=\"has-scale-down-01-font-size\"><\/p>\n\n\n\n<p class=\"has-scale-down-01-font-size\"><\/p>\n\n\n\n<figure class=\"wp-block-table is-style-regular\"><table class=\"has-fixed-layout\"><thead><tr><th class=\"has-text-align-center\" data-align=\"center\"><strong>Evolu\u00e7\u00e3o Or\u00e7ament\u00e1ria<\/strong><\/th><\/tr><\/thead><tbody><tr><td class=\"has-text-align-center\" data-align=\"center\">Investido em 2026: R$ 2.493.043,00<\/td><\/tr><\/tbody><\/table><\/figure>\n\n\n\n<p class=\"has-scale-down-01-font-size\"><\/p>\n\n\n\n<div class=\"wp-block-group is-vertical is-layout-flex wp-container-core-group-is-layout-4 wp-block-group-is-layout-flex\">\n<div class=\"wp-block-group is-nowrap is-layout-flex wp-container-core-group-is-layout-3 wp-block-group-is-layout-flex\">\n<div class=\"wp-block-group is-vertical is-layout-flex wp-container-core-group-is-layout-2 wp-block-group-is-layout-flex\">\n<div class=\"wp-block-group is-nowrap is-layout-flex wp-container-core-group-is-layout-1 wp-block-group-is-layout-flex\">\n<figure class=\"wp-block-image size-full is-resized\"><a href=\"https:\/\/estrategia.ufac.br\/wp-content\/uploads\/2026\/04\/59percent.png\"><img fetchpriority=\"high\" decoding=\"async\" width=\"393\" height=\"197\" src=\"https:\/\/estrategia.ufac.br\/wp-content\/uploads\/2026\/04\/59percent.png\" alt=\"\" class=\"wp-image-2324\" style=\"width:232px;height:auto\" srcset=\"https:\/\/estrategia.ufac.br\/wp-content\/uploads\/2026\/04\/59percent.png 393w, https:\/\/estrategia.ufac.br\/wp-content\/uploads\/2026\/04\/59percent-300x150.png 300w\" sizes=\"(max-width: 393px) 100vw, 393px\" \/><\/a><figcaption class=\"wp-element-caption\">Evolu\u00e7\u00e3o do Projeto<\/figcaption><\/figure>\n\n\n\n<p class=\"has-scale-up-02-font-size\"><\/p>\n<\/div>\n<\/div>\n<\/div>\n<\/div>\n\n\n\n<p class=\"has-scale-down-01-font-size\"><strong>\u00daltima Atualiza\u00e7\u00e3o:<\/strong> 31\/03\/2026<\/p>\n","protected":false},"excerpt":{"rendered":"<p>para a realiza\u00e7\u00e3o de projetos de pesquisa e inova\u00e7\u00e3o. Unidade Respons\u00e1vel Pr\u00f3-Reitoria de Pesquisa e P\u00f3s-Gradua\u00e7\u00e3o L\u00edder do Projeto Rafael Augusto Satrapa Tempo Estimado 48 meses Custo Estimado R$ 14.100.000,00 A\u00e7\u00f5es Previstas no Projeto Diagn\u00f3sticos: Normatiza\u00e7\u00e3o e sistemas: Identifica\u00e7\u00e3o das demandas: Aquisi\u00e7\u00e3o e instala\u00e7\u00e3o de equipamentos: Constru\u00e7\u00e3o, amplia\u00e7\u00e3o e manuten\u00e7\u00e3o de laborat\u00f3rios: Forma\u00e7\u00e3o de equipe&hellip; <a class=\"more-link\" href=\"https:\/\/estrategia.ufac.br\/?page_id=1146\">Continue lendo <span class=\"screen-reader-text\">Moderniza\u00e7\u00e3o do Parque Laboratorial de Pesquisa<\/span><\/a><\/p>\n","protected":false},"author":1,"featured_media":0,"parent":960,"menu_order":0,"comment_status":"closed","ping_status":"closed","template":"","meta":{"footnotes":""},"class_list":["post-1146","page","type-page","status-publish","hentry","entry"],"_links":{"self":[{"href":"https:\/\/estrategia.ufac.br\/index.php?rest_route=\/wp\/v2\/pages\/1146"}],"collection":[{"href":"https:\/\/estrategia.ufac.br\/index.php?rest_route=\/wp\/v2\/pages"}],"about":[{"href":"https:\/\/estrategia.ufac.br\/index.php?rest_route=\/wp\/v2\/types\/page"}],"author":[{"embeddable":true,"href":"https:\/\/estrategia.ufac.br\/index.php?rest_route=\/wp\/v2\/users\/1"}],"replies":[{"embeddable":true,"href":"https:\/\/estrategia.ufac.br\/index.php?rest_route=%2Fwp%2Fv2%2Fcomments&post=1146"}],"version-history":[{"count":41,"href":"https:\/\/estrategia.ufac.br\/index.php?rest_route=\/wp\/v2\/pages\/1146\/revisions"}],"predecessor-version":[{"id":2372,"href":"https:\/\/estrategia.ufac.br\/index.php?rest_route=\/wp\/v2\/pages\/1146\/revisions\/2372"}],"up":[{"embeddable":true,"href":"https:\/\/estrategia.ufac.br\/index.php?rest_route=\/wp\/v2\/pages\/960"}],"wp:attachment":[{"href":"https:\/\/estrategia.ufac.br\/index.php?rest_route=%2Fwp%2Fv2%2Fmedia&parent=1146"}],"curies":[{"name":"wp","href":"https:\/\/api.w.org\/{rel}","templated":true}]}}