{"id":1142,"date":"2024-10-21T15:49:05","date_gmt":"2024-10-21T20:49:05","guid":{"rendered":"http:\/\/estrategia.ufac.br\/?page_id=1142"},"modified":"2026-04-10T07:39:58","modified_gmt":"2026-04-10T12:39:58","slug":"reestruturacao-e-modernizacao-de-laboratorios-de-ensino-de-graduacao","status":"publish","type":"page","link":"https:\/\/estrategia.ufac.br\/?page_id=1142","title":{"rendered":"Reestrutura\u00e7\u00e3o e Moderniza\u00e7\u00e3o de Laborat\u00f3rios de Ensino de Gradua\u00e7\u00e3o"},"content":{"rendered":"\n<p><span class=\"OYPEnA font-feature-liga-off font-feature-clig-off font-feature-calt-off text-decoration-none text-strikethrough-none\">O objetivo deste projeto \u00e9 elevar a qualidade do ensino de gradua\u00e7\u00e3o, a partir da realiza\u00e7\u00e3o de atividades pr\u00e1ticas e experimentos did\u00e1ticos nas disciplinas b\u00e1sicas e profissionalizantes, em conformidade com as Diretrizes Curriculares Nacionais do curso, resultando no desenvolvimento de compet\u00eancias espec\u00edficas da profiss\u00e3o.<\/span><\/p>\n\n\n\n<h2 class=\"wp-block-heading\"><span class=\"OYPEnA font-feature-liga-off font-feature-clig-off font-feature-calt-off text-decoration-none text-strikethrough-none\">Unidade Respons\u00e1vel<\/span><\/h2>\n\n\n\n<p>Pr\u00f3-Reitoria de Gradua\u00e7\u00e3o<\/p>\n\n\n\n<h2 class=\"wp-block-heading\">L\u00edder do Projeto<\/h2>\n\n\n\n<p>Grace Gotelip Cabral<\/p>\n\n\n\n<h2 class=\"wp-block-heading\"><span class=\"OYPEnA font-feature-liga-off font-feature-clig-off font-feature-calt-off text-decoration-none text-strikethrough-none\">Tempo Estimado<\/span><\/h2>\n\n\n\n<p><span class=\"OYPEnA font-feature-liga-off font-feature-clig-off font-feature-calt-off text-decoration-none text-strikethrough-none\">24 meses<\/span><\/p>\n\n\n\n<h2 class=\"wp-block-heading\"><span class=\"OYPEnA font-feature-liga-off font-feature-clig-off font-feature-calt-off text-decoration-none text-strikethrough-none\">Custo Estimado<\/span><\/h2>\n\n\n\n<p><span class=\"OYPEnA font-feature-liga-off font-feature-clig-off font-feature-calt-off text-decoration-none text-strikethrough-none\">R$ 11.300.000,00<\/span><\/p>\n\n\n\n<h2 class=\"wp-block-heading\"><span class=\"OYPEnA font-feature-liga-off font-feature-clig-off font-feature-calt-off text-decoration-none text-strikethrough-none\">A\u00e7\u00f5es Previstas no Projeto<\/span><\/h2>\n\n\n\n<ul class=\"wp-block-list\">\n<li><span class=\"OYPEnA font-feature-liga-off font-feature-clig-off font-feature-calt-off text-decoration-none text-strikethrough-none\">Levantamento dos laborat\u00f3rios de ensino dos cursos de gradua\u00e7\u00e3o da Ufac, previstos nos Projetos Pedag\u00f3gicos dos Cursos.<\/span><\/li>\n\n\n\n<li>Diagn\u00f3stico da situa\u00e7\u00e3o dos laborat\u00f3rios de ensino j\u00e1 implantados dos cursos de gradua\u00e7\u00e3o.<\/li>\n\n\n\n<li>Diagn\u00f3stico das necessidades de laborat\u00f3rios de ensino a serem implantados nos cursos de gradua\u00e7\u00e3o.<\/li>\n\n\n\n<li><span class=\"OYPEnA font-feature-liga-off font-feature-clig-off font-feature-calt-off text-decoration-none text-strikethrough-none\">Elabora\u00e7\u00e3o de um programa de reestrutura\u00e7\u00e3o\/revitaliza\u00e7\u00e3o dos laborat\u00f3rios de ensino de gradua\u00e7\u00e3o<\/span>.<\/li>\n\n\n\n<li>Manuten\u00e7\u00e3o de equipamentos dos laborat\u00f3rios de ensino da gradua\u00e7\u00e3o.<\/li>\n\n\n\n<li>Aquisi\u00e7\u00e3o de equipamentos, material permanente, instrumentos e insumos para laborat\u00f3rios de ensino de gradua\u00e7\u00e3o.<\/li>\n\n\n\n<li>Constru\u00e7\u00e3o e amplia\u00e7\u00e3o de edifica\u00e7\u00f5es de laborat\u00f3rios de ensino de gradua\u00e7\u00e3o.<\/li>\n\n\n\n<li>Aquisi\u00e7\u00e3o de mobili\u00e1rio espec\u00edfico para instala\u00e7\u00e3o dos equipamentos e realiza\u00e7\u00e3o das atividades pr\u00e1ticas de ensino dos cursos de gradua\u00e7\u00e3o.<\/li>\n\n\n\n<li>Contrata\u00e7\u00e3o de servidores para atuar como t\u00e9cnicos espec\u00edficos de laborat\u00f3rio de ensino nos cursos de gradua\u00e7\u00e3o.<\/li>\n<\/ul>\n\n\n\n<h2 class=\"wp-block-heading\">Evolu\u00e7\u00e3o do Projeto<\/h2>\n\n\n\n<figure class=\"wp-block-table is-style-regular\"><table class=\"has-fixed-layout\"><thead><tr><th><strong>Principais Realiza\u00e7\u00f5es<\/strong><\/th><th class=\"has-text-align-center\" data-align=\"center\"><strong>Pr\u00f3ximos Passos<\/strong><\/th><\/tr><\/thead><tbody><tr><td>Levantamento dos laborat\u00f3rios de ensino dos cursos de gradua\u00e7\u00e3o da Ufac, previstos nos Projetos Pedag\u00f3gicos dos Cursos<\/td><td class=\"has-text-align-center\" data-align=\"center\">Finalizar levantamento dos laborat\u00f3rios de ensino<\/td><\/tr><tr><td>Diagn\u00f3stico da situa\u00e7\u00e3o dos laborat\u00f3rios de ensino j\u00e1 implantados dos cursos de gradua\u00e7\u00e3o<\/td><td class=\"has-text-align-center\" data-align=\"center\">Finalizar diagn\u00f3stico da situa\u00e7\u00e3o dos laborat\u00f3rios de ensino j\u00e1 implantados<\/td><\/tr><tr><td>Diagn\u00f3stico das necessidades de laborat\u00f3rios de ensino a serem implantados nos cursos de gradua\u00e7\u00e3o<\/td><td class=\"has-text-align-center\" data-align=\"center\">Finalizar diagn\u00f3stico das necessidades de laborat\u00f3rios de ensino a serem implantados<\/td><\/tr><\/tbody><\/table><\/figure>\n\n\n\n<p class=\"has-scale-down-01-font-size\"><\/p>\n\n\n\n<figure class=\"wp-block-table is-style-regular\"><table class=\"has-fixed-layout\"><thead><tr><th class=\"has-text-align-center\" data-align=\"center\"><strong>Evolu\u00e7\u00e3o Or\u00e7ament\u00e1ria<\/strong><\/th><\/tr><\/thead><tbody><tr><td class=\"has-text-align-center\" data-align=\"center\">Investido em 2026: R$ 580.382,04<\/td><\/tr><\/tbody><\/table><\/figure>\n\n\n\n<p class=\"has-scale-down-01-font-size\"><\/p>\n\n\n\n<div class=\"wp-block-group is-nowrap is-layout-flex wp-container-core-group-is-layout-3 wp-block-group-is-layout-flex\">\n<div class=\"wp-block-group is-vertical is-layout-flex wp-container-core-group-is-layout-2 wp-block-group-is-layout-flex\">\n<div class=\"wp-block-group is-nowrap is-layout-flex wp-container-core-group-is-layout-1 wp-block-group-is-layout-flex\">\n<figure class=\"wp-block-image size-full is-resized\"><a href=\"https:\/\/estrategia.ufac.br\/wp-content\/uploads\/2025\/04\/image-6.png\"><img fetchpriority=\"high\" decoding=\"async\" width=\"327\" height=\"180\" src=\"https:\/\/estrategia.ufac.br\/wp-content\/uploads\/2025\/04\/image-6.png\" alt=\"\" class=\"wp-image-2061\" style=\"width:213px;height:auto\" srcset=\"https:\/\/estrategia.ufac.br\/wp-content\/uploads\/2025\/04\/image-6.png 327w, https:\/\/estrategia.ufac.br\/wp-content\/uploads\/2025\/04\/image-6-300x165.png 300w\" sizes=\"(max-width: 327px) 100vw, 327px\" \/><\/a><figcaption class=\"wp-element-caption\">Evolu\u00e7\u00e3o do Projeto<\/figcaption><\/figure>\n\n\n\n<p><\/p>\n\n\n\n<p class=\"has-scale-up-02-font-size\"><\/p>\n<\/div>\n<\/div>\n<\/div>\n\n\n\n<div class=\"wp-block-group is-vertical is-layout-flex wp-container-core-group-is-layout-4 wp-block-group-is-layout-flex\">\n<p class=\"has-scale-base-font-size\"><strong> <\/strong><\/p>\n<\/div>\n\n\n\n<p class=\"has-scale-down-01-font-size\"><strong>\u00daltima Atualiza\u00e7\u00e3o:<\/strong> 31\/03\/2026<\/p>\n\n\n\n<p><\/p>\n","protected":false},"excerpt":{"rendered":"<p>O objetivo deste projeto \u00e9 elevar a qualidade do ensino de gradua\u00e7\u00e3o, a partir da realiza\u00e7\u00e3o de atividades pr\u00e1ticas e experimentos did\u00e1ticos nas disciplinas b\u00e1sicas e profissionalizantes, em conformidade com as Diretrizes Curriculares Nacionais do curso, resultando no desenvolvimento de compet\u00eancias espec\u00edficas da profiss\u00e3o. Unidade Respons\u00e1vel Pr\u00f3-Reitoria de Gradua\u00e7\u00e3o L\u00edder do Projeto Grace Gotelip Cabral&hellip; <a class=\"more-link\" href=\"https:\/\/estrategia.ufac.br\/?page_id=1142\">Continue lendo <span class=\"screen-reader-text\">Reestrutura\u00e7\u00e3o e Moderniza\u00e7\u00e3o de Laborat\u00f3rios de Ensino de Gradua\u00e7\u00e3o<\/span><\/a><\/p>\n","protected":false},"author":1,"featured_media":0,"parent":960,"menu_order":0,"comment_status":"closed","ping_status":"closed","template":"","meta":{"footnotes":""},"class_list":["post-1142","page","type-page","status-publish","hentry","entry"],"_links":{"self":[{"href":"https:\/\/estrategia.ufac.br\/index.php?rest_route=\/wp\/v2\/pages\/1142"}],"collection":[{"href":"https:\/\/estrategia.ufac.br\/index.php?rest_route=\/wp\/v2\/pages"}],"about":[{"href":"https:\/\/estrategia.ufac.br\/index.php?rest_route=\/wp\/v2\/types\/page"}],"author":[{"embeddable":true,"href":"https:\/\/estrategia.ufac.br\/index.php?rest_route=\/wp\/v2\/users\/1"}],"replies":[{"embeddable":true,"href":"https:\/\/estrategia.ufac.br\/index.php?rest_route=%2Fwp%2Fv2%2Fcomments&post=1142"}],"version-history":[{"count":12,"href":"https:\/\/estrategia.ufac.br\/index.php?rest_route=\/wp\/v2\/pages\/1142\/revisions"}],"predecessor-version":[{"id":2371,"href":"https:\/\/estrategia.ufac.br\/index.php?rest_route=\/wp\/v2\/pages\/1142\/revisions\/2371"}],"up":[{"embeddable":true,"href":"https:\/\/estrategia.ufac.br\/index.php?rest_route=\/wp\/v2\/pages\/960"}],"wp:attachment":[{"href":"https:\/\/estrategia.ufac.br\/index.php?rest_route=%2Fwp%2Fv2%2Fmedia&parent=1142"}],"curies":[{"name":"wp","href":"https:\/\/api.w.org\/{rel}","templated":true}]}}