{"id":1138,"date":"2024-10-21T15:43:09","date_gmt":"2024-10-21T20:43:09","guid":{"rendered":"http:\/\/estrategia.ufac.br\/?page_id=1138"},"modified":"2026-04-10T07:38:53","modified_gmt":"2026-04-10T12:38:53","slug":"prosucesso-programa-de-promocao-do-sucesso-academico","status":"publish","type":"page","link":"https:\/\/estrategia.ufac.br\/?page_id=1138","title":{"rendered":"PROSUCESSO \u2013 Programa de Promo\u00e7\u00e3o do Sucesso Acad\u00eamico"},"content":{"rendered":"\n<p><span class=\"OYPEnA font-feature-liga-off font-feature-clig-off font-feature-calt-off text-decoration-none text-strikethrough-none\">O objetivo deste projeto \u00e9 integrar projetos e a\u00e7\u00f5es estrat\u00e9gicas com a finalidade de enfrentar os desafios da perman\u00eancia dos estudantes e da conclus\u00e3o dos cursos de gradua\u00e7\u00e3o da Ufac.<\/span><\/p>\n\n\n\n<h2 class=\"wp-block-heading\">Unidade Respons\u00e1vel<\/h2>\n\n\n\n<p>Pr\u00f3-Reitoria de Gradua\u00e7\u00e3o<\/p>\n\n\n\n<h2 class=\"wp-block-heading\">L\u00edder do Projeto<\/h2>\n\n\n\n<p>Inayara Rodrigues de Carvalho<\/p>\n\n\n\n<h2 class=\"wp-block-heading\"><span class=\"OYPEnA font-feature-liga-off font-feature-clig-off font-feature-calt-off text-decoration-none text-strikethrough-none\">Tempo Estimado<\/span><\/h2>\n\n\n\n<p><span class=\"OYPEnA font-feature-liga-off font-feature-clig-off font-feature-calt-off text-decoration-none text-strikethrough-none\">15 meses<\/span><\/p>\n\n\n\n<h2 class=\"wp-block-heading\"><span class=\"OYPEnA font-feature-liga-off font-feature-clig-off font-feature-calt-off text-decoration-none text-strikethrough-none\">Custo Estimado<\/span><\/h2>\n\n\n\n<p><span class=\"OYPEnA font-feature-liga-off font-feature-clig-off font-feature-calt-off text-decoration-none text-strikethrough-none\">R$ 1.882.000,00<\/span><\/p>\n\n\n\n<h2 class=\"wp-block-heading\"><span class=\"OYPEnA font-feature-liga-off font-feature-clig-off font-feature-calt-off text-decoration-none text-strikethrough-none\">A\u00e7\u00f5es Previstas no Projeto<\/span><\/h2>\n\n\n\n<ul class=\"wp-block-list is-style-default\">\n<li><span class=\"OYPEnA font-feature-liga-off font-feature-clig-off font-feature-calt-off text-decoration-none text-strikethrough-none\">Implanta\u00e7\u00e3o do Observat\u00f3rio de Dados da Gradua\u00e7\u00e3o\u2013ODG<\/span>.<\/li>\n\n\n\n<li><span class=\"OYPEnA font-feature-liga-off font-feature-clig-off font-feature-calt-off text-decoration-none text-strikethrough-none\">Cria\u00e7\u00e3o do Portal de Egressos da Ufac<\/span>.<\/li>\n\n\n\n<li><span class=\"OYPEnA font-feature-liga-off font-feature-clig-off font-feature-calt-off text-decoration-none text-strikethrough-none\">Cria\u00e7\u00e3o de Sistema de Acompanhamento do Desempenho Acad\u00eamico do Estudante de Gradua\u00e7\u00e3o<\/span>.<\/li>\n\n\n\n<li>Execu\u00e7\u00e3o do Sistema de Acompanhamento do Desempenho Acad\u00eamico do Estudante de Gradua\u00e7\u00e3o.<\/li>\n\n\n\n<li><span class=\"OYPEnA font-feature-liga-off font-feature-clig-off font-feature-calt-off text-decoration-none text-strikethrough-none\">Cria\u00e7\u00e3o da Plataforma de Projetos de Ensino e de Certifica\u00e7\u00e3o<\/span>.<\/li>\n\n\n\n<li><span class=\"OYPEnA font-feature-liga-off font-feature-clig-off font-feature-calt-off text-decoration-none text-strikethrough-none\">Elabora\u00e7\u00e3o de Normativas para regulamentar as a\u00e7\u00f5es estrat\u00e9gicas do PROSUCESSO<\/span>.<\/li>\n\n\n\n<li>Aprova\u00e7\u00e3o em Conselho de Normativas para regulamentar as a\u00e7\u00f5es estrat\u00e9gicas do PROSUCESSO.<\/li>\n\n\n\n<li>Elabora\u00e7\u00e3o e publica\u00e7\u00e3o de Editais visando \u00e0 sele\u00e7\u00e3o de projetos de ensino.<\/li>\n\n\n\n<li>Programa de Monitoria Acad\u00eamica voltado \u00e0s disciplinas com alto \u00edndice de reprova\u00e7\u00e3o.<\/li>\n\n\n\n<li><span class=\"OYPEnA font-feature-liga-off font-feature-clig-off font-feature-calt-off text-decoration-none text-strikethrough-none\">De volta pra Ufac<\/span>.<\/li>\n\n\n\n<li><span class=\"OYPEnA font-feature-liga-off font-feature-clig-off font-feature-calt-off text-decoration-none text-strikethrough-none\">Pol\u00edtica de acolhimento e nivelamento do estudante ingressante<\/span>.<\/li>\n<\/ul>\n\n\n\n<h2 class=\"wp-block-heading\">Evolu\u00e7\u00e3o do Projeto<\/h2>\n\n\n\n<figure class=\"wp-block-table is-style-regular\"><table class=\"has-fixed-layout\"><thead><tr><th><strong>Principais Realiza\u00e7\u00f5es<\/strong><\/th><th class=\"has-text-align-center\" data-align=\"center\"><strong>Pr\u00f3ximos Passos<\/strong><\/th><\/tr><\/thead><tbody><tr><td>Operacionaliza\u00e7\u00e3o do Observat\u00f3rio para gest\u00e3o do PROSUCESSO (pain\u00e9is est\u00e1veis + rotina de atualiza\u00e7\u00e3o + boletim gerencial) &#8211; conclu\u00eddo<\/td><td class=\"has-text-align-center\" data-align=\"center\">Portal de Egressos \u2013 vers\u00e3o inicial operacional<\/td><\/tr><tr><td>Desenvolvimento do m\u00f3dulo de \u201calerta e acompanhamento\u201d do Sistema de Acompanhamento Acad\u00eamico do Estudante de Gradua\u00e7\u00e3o &#8211; 80%<\/td><td class=\"has-text-align-center\" data-align=\"center\">Plataforma de Projetos de Ensino e Certifica\u00e7\u00e3o \u2013 Vers\u00e3o N\u00edvel Operacional<\/td><\/tr><tr><td>Publica\u00e7\u00e3o e execu\u00e7\u00e3o de Editais PROSUCESSO \u2013 ciclo anual visando sele\u00e7\u00e3o de projetos de ensino de combate a reten\u00e7\u00e3o e a evas\u00e3o<\/td><td class=\"has-text-align-center\" data-align=\"center\">Normativas do PROSUCESSO \u2013 Minutas e procedimentos operacionais<\/td><\/tr><tr><td>Sistema de Acompanhamento \u2013 Implanta\u00e7\u00e3o e opera\u00e7\u00e3o assistida (piloto + treinamento + uso regular pelas coordena\u00e7\u00f5es) &#8211; 69%<\/td><td class=\"has-text-align-center\" data-align=\"center\">Aprova\u00e7\u00e3o em Conselho das Normativas do PROSUCESSO<\/td><\/tr><\/tbody><\/table><\/figure>\n\n\n\n<figure class=\"wp-block-table is-style-regular\"><table class=\"has-fixed-layout\"><thead><tr><th class=\"has-text-align-center\" data-align=\"center\"><strong>Evolu\u00e7\u00e3o Or\u00e7ament\u00e1ria<\/strong><\/th><\/tr><\/thead><tbody><tr><td class=\"has-text-align-center\" data-align=\"center\">Investido em 2026: R$ 65.100,00<\/td><\/tr><\/tbody><\/table><\/figure>\n\n\n\n<div class=\"wp-block-group is-vertical is-layout-flex wp-container-core-group-is-layout-4 wp-block-group-is-layout-flex\">\n<div class=\"wp-block-group is-nowrap is-layout-flex wp-container-core-group-is-layout-3 wp-block-group-is-layout-flex\">\n<div class=\"wp-block-group is-vertical is-layout-flex wp-container-core-group-is-layout-2 wp-block-group-is-layout-flex\">\n<div class=\"wp-block-group is-nowrap is-layout-flex wp-container-core-group-is-layout-1 wp-block-group-is-layout-flex\">\n<figure class=\"wp-block-image size-full is-resized\"><a href=\"https:\/\/estrategia.ufac.br\/wp-content\/uploads\/2026\/04\/37percent.png\"><img fetchpriority=\"high\" decoding=\"async\" width=\"393\" height=\"197\" src=\"https:\/\/estrategia.ufac.br\/wp-content\/uploads\/2026\/04\/37percent.png\" alt=\"\" class=\"wp-image-2319\" style=\"width:226px;height:auto\" srcset=\"https:\/\/estrategia.ufac.br\/wp-content\/uploads\/2026\/04\/37percent.png 393w, https:\/\/estrategia.ufac.br\/wp-content\/uploads\/2026\/04\/37percent-300x150.png 300w\" sizes=\"(max-width: 393px) 100vw, 393px\" \/><\/a><figcaption class=\"wp-element-caption\">Evolu\u00e7\u00e3o do Projeto<\/figcaption><\/figure>\n\n\n\n<p class=\"has-scale-up-02-font-size\"><\/p>\n<\/div>\n<\/div>\n<\/div>\n<\/div>\n\n\n\n<p class=\"has-scale-down-01-font-size\"><strong>\u00daltima Atualiza\u00e7\u00e3o:<\/strong> 31\/03\/2026<\/p>\n\n\n\n<p><\/p>\n","protected":false},"excerpt":{"rendered":"<p>O objetivo deste projeto \u00e9 integrar projetos e a\u00e7\u00f5es estrat\u00e9gicas com a finalidade de enfrentar os desafios da perman\u00eancia dos estudantes e da conclus\u00e3o dos cursos de gradua\u00e7\u00e3o da Ufac. Unidade Respons\u00e1vel Pr\u00f3-Reitoria de Gradua\u00e7\u00e3o L\u00edder do Projeto Inayara Rodrigues de Carvalho Tempo Estimado 15 meses Custo Estimado R$ 1.882.000,00 A\u00e7\u00f5es Previstas no Projeto Evolu\u00e7\u00e3o&hellip; <a class=\"more-link\" href=\"https:\/\/estrategia.ufac.br\/?page_id=1138\">Continue lendo <span class=\"screen-reader-text\">PROSUCESSO \u2013 Programa de Promo\u00e7\u00e3o do Sucesso Acad\u00eamico<\/span><\/a><\/p>\n","protected":false},"author":1,"featured_media":0,"parent":960,"menu_order":0,"comment_status":"closed","ping_status":"closed","template":"","meta":{"footnotes":""},"class_list":["post-1138","page","type-page","status-publish","hentry","entry"],"_links":{"self":[{"href":"https:\/\/estrategia.ufac.br\/index.php?rest_route=\/wp\/v2\/pages\/1138"}],"collection":[{"href":"https:\/\/estrategia.ufac.br\/index.php?rest_route=\/wp\/v2\/pages"}],"about":[{"href":"https:\/\/estrategia.ufac.br\/index.php?rest_route=\/wp\/v2\/types\/page"}],"author":[{"embeddable":true,"href":"https:\/\/estrategia.ufac.br\/index.php?rest_route=\/wp\/v2\/users\/1"}],"replies":[{"embeddable":true,"href":"https:\/\/estrategia.ufac.br\/index.php?rest_route=%2Fwp%2Fv2%2Fcomments&post=1138"}],"version-history":[{"count":12,"href":"https:\/\/estrategia.ufac.br\/index.php?rest_route=\/wp\/v2\/pages\/1138\/revisions"}],"predecessor-version":[{"id":2370,"href":"https:\/\/estrategia.ufac.br\/index.php?rest_route=\/wp\/v2\/pages\/1138\/revisions\/2370"}],"up":[{"embeddable":true,"href":"https:\/\/estrategia.ufac.br\/index.php?rest_route=\/wp\/v2\/pages\/960"}],"wp:attachment":[{"href":"https:\/\/estrategia.ufac.br\/index.php?rest_route=%2Fwp%2Fv2%2Fmedia&parent=1138"}],"curies":[{"name":"wp","href":"https:\/\/api.w.org\/{rel}","templated":true}]}}